{"id":517,"date":"2025-05-30T16:07:18","date_gmt":"2025-05-30T14:07:18","guid":{"rendered":"https:\/\/irmt.fr\/?page_id=517"},"modified":"2025-08-14T11:07:54","modified_gmt":"2025-08-14T09:07:54","slug":"informations-pratiques-village","status":"publish","type":"page","link":"https:\/\/irmt.fr\/index.php\/informations-pratiques-village\/","title":{"rendered":"Informations pratiques village"},"content":{"rendered":"\t\t<div data-elementor-type=\"wp-page\" data-elementor-id=\"517\" class=\"elementor elementor-517\">\n\t\t\t\t\t\t\t\t\t<section class=\"elementor-section elementor-top-section elementor-element elementor-element-c9a06c6 elementor-section-boxed elementor-section-height-default elementor-section-height-default\" data-id=\"c9a06c6\" data-element_type=\"section\">\n\t\t\t\t\t\t<div class=\"elementor-container elementor-column-gap-default\">\n\t\t\t\t\t<div class=\"elementor-column elementor-col-100 elementor-top-column elementor-element elementor-element-0102825\" data-id=\"0102825\" data-element_type=\"column\">\n\t\t\t<div class=\"elementor-widget-wrap elementor-element-populated\">\n\t\t\t\t\t\t\t\t<div class=\"elementor-element elementor-element-cf33e7a elementor-widget elementor-widget-heading\" data-id=\"cf33e7a\" data-element_type=\"widget\" data-widget_type=\"heading.default\">\n\t\t\t\t<div class=\"elementor-widget-container\">\n\t\t\t<style>\/*! elementor - v3.6.7 - 03-07-2022 *\/\n.elementor-heading-title{padding:0;margin:0;line-height:1}.elementor-widget-heading .elementor-heading-title[class*=elementor-size-]>a{color:inherit;font-size:inherit;line-height:inherit}.elementor-widget-heading .elementor-heading-title.elementor-size-small{font-size:15px}.elementor-widget-heading .elementor-heading-title.elementor-size-medium{font-size:19px}.elementor-widget-heading .elementor-heading-title.elementor-size-large{font-size:29px}.elementor-widget-heading .elementor-heading-title.elementor-size-xl{font-size:39px}.elementor-widget-heading .elementor-heading-title.elementor-size-xxl{font-size:59px}<\/style><h2 class=\"elementor-heading-title elementor-size-default\">\ud83c\udf7b LES BARS<\/h2>\t\t<\/div>\n\t\t\t\t<\/div>\n\t\t\t\t<div class=\"elementor-element elementor-element-529bbd7 elementor-widget elementor-widget-text-editor\" data-id=\"529bbd7\" data-element_type=\"widget\" data-widget_type=\"text-editor.default\">\n\t\t\t\t<div class=\"elementor-widget-container\">\n\t\t\t<style>\/*! elementor - v3.6.7 - 03-07-2022 *\/\n.elementor-widget-text-editor.elementor-drop-cap-view-stacked .elementor-drop-cap{background-color:#818a91;color:#fff}.elementor-widget-text-editor.elementor-drop-cap-view-framed .elementor-drop-cap{color:#818a91;border:3px solid;background-color:transparent}.elementor-widget-text-editor:not(.elementor-drop-cap-view-default) .elementor-drop-cap{margin-top:8px}.elementor-widget-text-editor:not(.elementor-drop-cap-view-default) .elementor-drop-cap-letter{width:1em;height:1em}.elementor-widget-text-editor .elementor-drop-cap{float:left;text-align:center;line-height:1;font-size:50px}.elementor-widget-text-editor .elementor-drop-cap-letter{display:inline-block}<\/style>\t\t\t\t<p>Pendant le festival Vannes Echos Jazz, trois bars vous accueillent sur le site des Remparts pour des soir\u00e9es conviviales au rythme du jazz.<\/p><p>\ud83d\udcc5 Horaires d\u2019ouverture : de <strong>18h30 \u00e0 23h30<\/strong><\/p><p>\ud83c\udf79 \u00c0 la carte :<\/p><ul><li>Britt blonde et Britt blanche, brass\u00e9es par notre partenaire la Brasserie de Bretagne<\/li><li>Breizh Cola et Breizh Tea<\/li><li>Cidre brut<\/li><li>Une s\u00e9lection de vins propos\u00e9e dans tous nos bars<\/li><\/ul><p>\ud83d\udca7 \u00c9coresponsabilit\u00e9<\/p><ul><li><strong>Aucune bouteille d\u2019eau<\/strong> ne sera <strong>en vente<\/strong> sur le site. Des points d\u2019eau potable seront \u00e0 votre disposition pour vous d\u00e9salt\u00e9rer gratuitement.<\/li><li>Une <strong>consigne de 1\u20ac<\/strong> sera demand\u00e9e par gobelet. Vous pouvez \u00e9galement venir avec votre propre gobelet r\u00e9utilisable.<\/li><li>Lors du retour de la consigne, vous avez la possibilit\u00e9 de faire <strong>don<\/strong> de votre euro \u00e0 l\u2019association pour <strong>soutenir ses actions<\/strong> et <strong>la cr\u00e9ation musicale. Le retour de consigne se fait exclusivement en tente cashless\/retour gobelets.<\/strong><\/li><\/ul><p>Un festival qui a du go\u00fbt, de la musique\u2026 et du sens !<\/p>\t\t\t\t\t\t<\/div>\n\t\t\t\t<\/div>\n\t\t\t\t\t<\/div>\n\t\t<\/div>\n\t\t\t\t\t\t\t<\/div>\n\t\t<\/section>\n\t\t\t\t<section class=\"elementor-section elementor-top-section elementor-element elementor-element-a947b2e elementor-section-boxed elementor-section-height-default elementor-section-height-default\" data-id=\"a947b2e\" data-element_type=\"section\">\n\t\t\t\t\t\t<div class=\"elementor-container elementor-column-gap-default\">\n\t\t\t\t\t<div class=\"elementor-column elementor-col-100 elementor-top-column elementor-element elementor-element-3c65a72\" data-id=\"3c65a72\" data-element_type=\"column\">\n\t\t\t<div class=\"elementor-widget-wrap elementor-element-populated\">\n\t\t\t\t\t\t\t\t<div class=\"elementor-element elementor-element-ec47722 elementor-widget elementor-widget-heading\" data-id=\"ec47722\" data-element_type=\"widget\" data-widget_type=\"heading.default\">\n\t\t\t\t<div class=\"elementor-widget-container\">\n\t\t\t<h2 class=\"elementor-heading-title elementor-size-default\">\ud83c\udf7d\ufe0f LA RESTAURATION<\/h2>\t\t<\/div>\n\t\t\t\t<\/div>\n\t\t\t\t<div class=\"elementor-element elementor-element-a03bc6f elementor-widget elementor-widget-text-editor\" data-id=\"a03bc6f\" data-element_type=\"widget\" data-widget_type=\"text-editor.default\">\n\t\t\t\t<div class=\"elementor-widget-container\">\n\t\t\t\t\t\t\t<p>Les <strong>saveurs locales<\/strong> s\u2019invitent au festival Vannes Echos Jazz !<\/p><p>Cette ann\u00e9e, une belle s\u00e9lection de restaurateurs, pour la plupart vannetais, sera pr\u00e9sente sur le site des Remparts pour r\u00e9galer les festivaliers. Entre cuisine du terroir, sp\u00e9cialit\u00e9s du monde, douceurs sucr\u00e9es et produits fermiers, il y en aura pour tous les go\u00fbts !<\/p><p>\ud83e\udd57 \u00c0 d\u00e9couvrir sur place 9 restaurateurs de Vannes qui pr\u00e9pareront de quoi faire vibrer vos papilles!<\/p><p>Venez profiter d\u2019une exp\u00e9rience gustative vari\u00e9e et de qualit\u00e9, en parfaite harmonie avec l\u2019ambiance chaleureuse du festival !<\/p>\t\t\t\t\t\t<\/div>\n\t\t\t\t<\/div>\n\t\t\t\t\t<\/div>\n\t\t<\/div>\n\t\t\t\t\t\t\t<\/div>\n\t\t<\/section>\n\t\t\t\t<section class=\"elementor-section elementor-top-section elementor-element elementor-element-ef1009f elementor-section-boxed elementor-section-height-default elementor-section-height-default\" data-id=\"ef1009f\" data-element_type=\"section\">\n\t\t\t\t\t\t<div class=\"elementor-container elementor-column-gap-default\">\n\t\t\t\t\t<div class=\"elementor-column elementor-col-100 elementor-top-column elementor-element elementor-element-2cc9265\" data-id=\"2cc9265\" data-element_type=\"column\">\n\t\t\t<div class=\"elementor-widget-wrap elementor-element-populated\">\n\t\t\t\t\t\t\t\t<div class=\"elementor-element elementor-element-2ef5dfd elementor-widget elementor-widget-heading\" data-id=\"2ef5dfd\" data-element_type=\"widget\" data-widget_type=\"heading.default\">\n\t\t\t\t<div class=\"elementor-widget-container\">\n\t\t\t<h2 class=\"elementor-heading-title elementor-size-default\">\ud83d\udcb3 Les modes de paiements<\/h2>\t\t<\/div>\n\t\t\t\t<\/div>\n\t\t\t\t<div class=\"elementor-element elementor-element-bd681fd elementor-widget elementor-widget-text-editor\" data-id=\"bd681fd\" data-element_type=\"widget\" data-widget_type=\"text-editor.default\">\n\t\t\t\t<div class=\"elementor-widget-container\">\n\t\t\t\t\t\t\t<p>Pour faciliter vos achats tout au long du festival, nous mettons en place diff\u00e9rents moyens de paiement :<\/p><p>\ud83c\udf7b Aux bars du site des Remparts :<\/p><p>Tous les paiements se font exclusivement par <strong>carte bancaire<\/strong> ou carte <strong>cashless <\/strong>(r\u00e9serv\u00e9 au personnes ne poss\u00e9dant que de la monnaie).<\/p><p>\u26a0\ufe0f Les terminaux ne d\u00e9livreront <strong>pas de tickets bancaires<\/strong>. Il vous sera possible d\u2019obtenir un justificatif en scannant un QRcode sur le terminal.<\/p><p>Deux <strong>points cashless<\/strong> seront \u00e0 votre disposition pour recharger votre carte ou en obtenir une :<\/p><p>\u2022Un dans les jardins des Remparts, \u00e0 proximit\u00e9 du bar<\/p><p>\u2022Un autre sur la rue, \u00e0 c\u00f4t\u00e9 d\u2019un second bar<\/p><p>\ud83c\udf7d\ufe0f C\u00f4t\u00e9 restauration :<\/p><p>Les restaurateurs pr\u00e9sents acceptent la<strong> carte bancaire,<\/strong> le <strong>cashless et les esp\u00e8ces<\/strong>. Vous pourrez donc d\u00e9guster librement les sp\u00e9cialit\u00e9s propos\u00e9es, quel que soit votre mode de paiement pr\u00e9f\u00e9r\u00e9.<\/p>\t\t\t\t\t\t<\/div>\n\t\t\t\t<\/div>\n\t\t\t\t\t<\/div>\n\t\t<\/div>\n\t\t\t\t\t\t\t<\/div>\n\t\t<\/section>\n\t\t\t\t\t\t\t<\/div>\n\t\t","protected":false},"excerpt":{"rendered":"<p>\ud83c\udf7b LES BARS Pendant le festival Vannes Echos Jazz, trois bars vous accueillent sur le site des Remparts pour des soir\u00e9es conviviales au rythme du jazz. \ud83d\udcc5 Horaires d\u2019ouverture : de 18h30 \u00e0 23h30 \ud83c\udf79 \u00c0 la carte : Britt blonde et Britt blanche, brass\u00e9es par notre partenaire la Brasserie de Bretagne Breizh Cola et &hellip; <\/p>\n<p class=\"link-more\"><a href=\"https:\/\/irmt.fr\/index.php\/informations-pratiques-village\/\" class=\"more-link\">Lire la suite de<span class=\"screen-reader-text\">\u00ab\u00a0Informations pratiques village\u00a0\u00bb<\/span><\/a><\/p>\n","protected":false},"author":1,"featured_media":0,"parent":0,"menu_order":0,"comment_status":"closed","ping_status":"closed","template":"","meta":{"footnotes":""},"class_list":["post-517","page","type-page","status-publish","hentry"],"featured_media_urls":[],"_links":{"self":[{"href":"https:\/\/irmt.fr\/index.php\/wp-json\/wp\/v2\/pages\/517","targetHints":{"allow":["GET"]}}],"collection":[{"href":"https:\/\/irmt.fr\/index.php\/wp-json\/wp\/v2\/pages"}],"about":[{"href":"https:\/\/irmt.fr\/index.php\/wp-json\/wp\/v2\/types\/page"}],"author":[{"embeddable":true,"href":"https:\/\/irmt.fr\/index.php\/wp-json\/wp\/v2\/users\/1"}],"replies":[{"embeddable":true,"href":"https:\/\/irmt.fr\/index.php\/wp-json\/wp\/v2\/comments?post=517"}],"version-history":[{"count":46,"href":"https:\/\/irmt.fr\/index.php\/wp-json\/wp\/v2\/pages\/517\/revisions"}],"predecessor-version":[{"id":605,"href":"https:\/\/irmt.fr\/index.php\/wp-json\/wp\/v2\/pages\/517\/revisions\/605"}],"wp:attachment":[{"href":"https:\/\/irmt.fr\/index.php\/wp-json\/wp\/v2\/media?parent=517"}],"curies":[{"name":"wp","href":"https:\/\/api.w.org\/{rel}","templated":true}]}}