{"id":503,"date":"2025-05-24T00:45:43","date_gmt":"2025-05-23T22:45:43","guid":{"rendered":"https:\/\/irmt.fr\/?page_id=503"},"modified":"2025-08-14T11:04:47","modified_gmt":"2025-08-14T09:04:47","slug":"espace-membre-benevoles","status":"publish","type":"page","link":"https:\/\/irmt.fr\/index.php\/espace-membre-benevoles\/","title":{"rendered":"Espace membre b\u00e9n\u00e9voles"},"content":{"rendered":"\n<h2 class=\"wp-block-heading\">Devenez b\u00e9n\u00e9vole pour 2026 ! <\/h2>\n\n\n\n<p>Contactez nous \u00e0 benevolesvej@irmt.fr<\/p>\n\n\n\n<style>\n  .iframe-fullscreen {\n    height: 50vh;\n    width: 100%;\n    margin: 0;\n    padding: 0;\n    border: none;\n    overflow: hidden;\n  }\n\n  .iframe-fullscreen iframe {\n    height: 100%;\n    width: 100%;\n    border: none;\n  }\n<\/style>\n\n<div class=\"iframe-fullscreen\">\n  <iframe src=\"https:\/\/event.recrewteer.com\/v2\/organization\/1771\/auth\"><\/iframe>\n<\/div>\n\n\n\n<p><\/p>\n\n\n\n<p><\/p>\n","protected":false},"excerpt":{"rendered":"<p>Devenez b\u00e9n\u00e9vole pour 2026 ! Contactez nous \u00e0 benevolesvej@irmt.fr<\/p>\n","protected":false},"author":1,"featured_media":0,"parent":0,"menu_order":0,"comment_status":"closed","ping_status":"closed","template":"","meta":{"footnotes":""},"class_list":["post-503","page","type-page","status-publish","hentry"],"featured_media_urls":[],"_links":{"self":[{"href":"https:\/\/irmt.fr\/index.php\/wp-json\/wp\/v2\/pages\/503","targetHints":{"allow":["GET"]}}],"collection":[{"href":"https:\/\/irmt.fr\/index.php\/wp-json\/wp\/v2\/pages"}],"about":[{"href":"https:\/\/irmt.fr\/index.php\/wp-json\/wp\/v2\/types\/page"}],"author":[{"embeddable":true,"href":"https:\/\/irmt.fr\/index.php\/wp-json\/wp\/v2\/users\/1"}],"replies":[{"embeddable":true,"href":"https:\/\/irmt.fr\/index.php\/wp-json\/wp\/v2\/comments?post=503"}],"version-history":[{"count":7,"href":"https:\/\/irmt.fr\/index.php\/wp-json\/wp\/v2\/pages\/503\/revisions"}],"predecessor-version":[{"id":602,"href":"https:\/\/irmt.fr\/index.php\/wp-json\/wp\/v2\/pages\/503\/revisions\/602"}],"wp:attachment":[{"href":"https:\/\/irmt.fr\/index.php\/wp-json\/wp\/v2\/media?parent=503"}],"curies":[{"name":"wp","href":"https:\/\/api.w.org\/{rel}","templated":true}]}}