{"id":30,"date":"2022-07-18T11:44:28","date_gmt":"2022-07-18T09:44:28","guid":{"rendered":"https:\/\/irmt.fr\/?page_id=30"},"modified":"2023-07-20T10:38:53","modified_gmt":"2023-07-20T08:38:53","slug":"le-parrain","status":"publish","type":"page","link":"https:\/\/irmt.fr\/index.php\/le-parrain\/","title":{"rendered":"Le Parrain"},"content":{"rendered":"\n<h2 class=\"wp-block-heading\">LAURENT COULONDRE<\/h2>\n\n\n\n<figure class=\"wp-block-image\"><img loading=\"lazy\" decoding=\"async\" width=\"1020\" height=\"679\" src=\"https:\/\/irmt.fr\/wp-content\/uploads\/2022\/07\/Laurent-Coulondre-portrait-\u00a9Jean-Baptiste-Millot-1.jpg\" alt=\"\" class=\"wp-image-90\" srcset=\"https:\/\/irmt.fr\/wp-content\/uploads\/2022\/07\/Laurent-Coulondre-portrait-\u00a9Jean-Baptiste-Millot-1.jpg 1020w, https:\/\/irmt.fr\/wp-content\/uploads\/2022\/07\/Laurent-Coulondre-portrait-\u00a9Jean-Baptiste-Millot-1-300x200.jpg 300w, https:\/\/irmt.fr\/wp-content\/uploads\/2022\/07\/Laurent-Coulondre-portrait-\u00a9Jean-Baptiste-Millot-1-768x511.jpg 768w\" sizes=\"auto, (max-width: 1020px) 100vw, 1020px\" \/><\/figure>\n\n\n\n<p>Laurent Coulondre est n\u00e9 \u00e0 N\u00eemes en 1989. \u00c0 4 ans, il d\u00e9bute la musique par la batterie et acquiert tr\u00e8s t\u00f4t un sens du rythme qui ne le quittera plus. Quelques ann\u00e9es plus tard, c\u2019est le piano qui l\u2019emporte. \u00c0 tout juste 9 ans, il d\u00e9couvre le jazz avec le pianiste St\u00e9phane Kochoyan et se produit avec le Big Band de Petite Camargue en premi\u00e8re partie de grands noms tels que Marcus Miller, Dee Dee Bridgewater, Al Jarreau ou encore Michel Legrand.<br><\/p>\n\n\n\n<p>En 2010, il est dipl\u00f4m\u00e9 d\u2019un DEM jazz au CRR de Toulouse et d\u2019une licence en musicologie \u00e0 la facult\u00e9 du Mirail. Durant ces ann\u00e9es de perfectionnement, il effectue un s\u00e9jour ERASMUS en Espagne o\u00f9 il \u00e9tudie \u00e0 L\u2019ESMUC (\u00c9cole sup\u00e9rieure de musique de Catalogne) et se d\u00e9couvre alors des talents d\u2019organiste. Il fait \u00e9galement ses armes avec l\u2019orchestre de Jazz In Marciac. Laurent enregistre son premier album \u00ab OPUS I \u00bb et se lance avec son trio sur la voie des tremplins. Il est notamment Prix de soliste et vainqueur du Tremplin Europ\u00e9en Didier Lockwood en 2010, vainqueur du Tremplin Jazz \u00e0 Castello en Espagne en 2011 et vainqueur du Tremplin Jazz en Baie en 2012. Cette m\u00eame ann\u00e9e, il d\u00e9couvre la vie de jazzman parisien et enregistre en 2013 son second album \u00ab OPUS II \u00bb sous le label Cristal Records. Peu \u00e0 peu reconnu du milieu, il est appel\u00e9 \u00e0 jouer et \u00e0 enregistrer en tant que sideman aupr\u00e8s de musiciens tels que Paul Jackson, Nicolas Folmer, Sylvain Beuf, St\u00e9phane Huchard, Pierre de Bethmann\u2026<br><\/p>\n\n\n\n<p>En 2014, il se lance dans un nouveau projet discographique et met au point un concept in\u00e9dit de trio r\u00e9versible o\u00f9 il se pr\u00e9sente d\u00e9sormais au piano comme \u00e0 l\u2019orgue. Le trio ressort vainqueur du Concours National de Jazz \u00e0 la D\u00e9fense. Par ailleurs, Laurent est \u00e9lu G\u00e9n\u00e9ration Spedidam (2014-2017) et \u00e9galement nomm\u00e9 Talent Jazz Adami en 2015. C\u2019est cette m\u00eame ann\u00e9e que l\u2019album \u00ab SCHIZOPHRENIA \u00bb, sorti chez Sound Surveyor, propulse le trio sur les sc\u00e8nes des grands festivals, notamment en premi\u00e8re partie de Sting sur la sc\u00e8ne du th\u00e9\u00e2tre Antique de Jazz \u00e0 Vienne, sur la sc\u00e8ne du chapiteau de Jazz in Marciac, \u00e0 l\u2019Olympia en premi\u00e8re partie de Lisa Simone, ou encore dans les festivals Nancy Jazz Pulsations, Paris Jazz Festival (FR), Tokyo Jazz (JP), London Jazz (UK)\u2026<br><\/p>\n\n\n\n<p>En 2016, Laurent Coulondre est sacr\u00e9 \u00ab R\u00e9v\u00e9lation de l\u2019ann\u00e9e \u00bb aux Victoires du Jazz puis laur\u00e9at Jazz et musique classique de la Fondation Lagard\u00e8re et continue d\u2019arpenter leS sc\u00e8nes internationales Cully Jazz (CH), Getxo Jazz (ES), Jazz sous les pommiers (FR), Elbjazz Festival (DE), Amersfoort Jazz (NL), Jazz a la Pedrera (ES), IF Alger (DZ)\u2026 En 2017, le clavi\u00e9riste de renom convoque la fine fleur des batteurs hexagonaux (Andr\u00e9<br>Ceccarelli, Martin Wangerm\u00e9e, Yoann Serra &amp; Cyril Atef) pour un duo Keys &amp; Drums explosif autour d&rsquo;un nouvel album \u00ab GRAVITY ZER\u00d8 \u00bb, sorti chez Sound Surveyor. Les concerts s&rsquo;encha\u00eenent alors un rythme effr\u00e9n\u00e9 tant au niveau national (Jazz \u00e0 Ramatuelle, Monaco Jazz Festival, Jazz \u00e0 St Germain des pr\u00e9s, Jazz \u00e0 Junas\u2026) qu&rsquo;international(Smalls Jazz Club (NY), Toronto Jazz Festival, Ottawa Jazz Festival, Rimouski Jazz Festival, Montreal Jazz Festival (CA), London Jazz Festival (UK), Winter Jazz Fest (US), North Sea Jazz, So What&rsquo;s Next (NL), Moods (CH)\u2026). En 2018, l\u2019aventure se poursuit avec notamment une tourn\u00e9e en Chine (CN) de 10 dates<br>entre P\u00e9kin et Harbin en passant par Shenyang, Shanghai, Shenzhen, Fuzhou, Hangzhou, Dalian et Xiamen jusqu\u2019\u00e0 Taiwan (TW) et de nombreuses dates en Europe et France y compris DOM-TOM.<br><\/p>\n\n\n\n<p>En 2019, \u00e0 l\u2019occasion du 20\u00e8me anniversaire de la disparition de Michel Petrucciani, Laurent rend hommage \u00e0 l\u2019un des artistes qui a le plus marqu\u00e9 son parcours. Il s\u2019entoure de J\u00e9r\u00e9my Bruy\u00e8re (basse et contrebasse) et d\u2019Andr\u00e9 Ceccarelli (batterie) pour faire revivre le r\u00e9pertoire du pianiste aux os de verre dans son nouvel album<br>\u00ab MICHEL ON MY MIND \u00bb, sorti le 23\/08\/2019 chez New World Production \/ L\u2019autre Distribution. Une longue tourn\u00e9e s\u2019ensuit pour le Trio qui s\u2019envole vers des sc\u00e8nes et festivals de renomm\u00e9e nationale (Festival Jazz \u00e0 Saint Germain, Maisons Laffitte Jazz Festival, Festival Jazz au fil de l\u2019Oise, N\u00eemes M\u00e9tropole Jazz Festival, Jazz au Phare, Festival Au gr\u00e8s du Jazz, Jazz \u00e0 Clamart, Sceaux What, Salle Pleyel\u2026) ou internationale<br>(Tokyo Jazz Festival (JP)\u2026). Cette m\u00eame ann\u00e9e, il re\u00e7oit le prix du \u00ab Disque fran\u00e7ais de l\u2019ann\u00e9e \u00bb par l\u2019Acad\u00e9mie du Jazz pour son album \u00ab MICHEL ON MY MIND \u00bb, devient Artiste Yamaha et obtient le pr\u00e9cieux soutien de la Fondation BNP Paribas pour le d\u00e9veloppement de ses projets artistiques.<br><\/p>\n\n\n\n<p>En 2020, l\u2019artiste rafle les r\u00e9compenses : apr\u00e8s avoir \u00e9t\u00e9 \u00e9lu \u00ab Musicien fran\u00e7ais de l\u2019ann\u00e9e \u00bb par Jazz Magazine (dont il fait la couverture en F\u00e9vrier 2020), il remporte la seconde Victoire du Jazz de sa carri\u00e8re dans la cat\u00e9gorie \u00ab Artiste instrumental \u00bb\u2026 l\u2019une des plus belles cons\u00e9crations pour un musicien de jazz !<\/p>\n","protected":false},"excerpt":{"rendered":"<p>LAURENT COULONDRE Laurent Coulondre est n\u00e9 \u00e0 N\u00eemes en 1989. \u00c0 4 ans, il d\u00e9bute la musique par la batterie et acquiert tr\u00e8s t\u00f4t un sens du rythme qui ne le quittera plus. Quelques ann\u00e9es plus tard, c\u2019est le piano qui l\u2019emporte. \u00c0 tout juste 9 ans, il d\u00e9couvre le jazz avec le pianiste St\u00e9phane &hellip; <\/p>\n<p class=\"link-more\"><a href=\"https:\/\/irmt.fr\/index.php\/le-parrain\/\" class=\"more-link\">Lire la suite de<span class=\"screen-reader-text\">\u00ab\u00a0Le Parrain\u00a0\u00bb<\/span><\/a><\/p>\n","protected":false},"author":1,"featured_media":81,"parent":0,"menu_order":0,"comment_status":"closed","ping_status":"closed","template":"","meta":{"footnotes":""},"class_list":["post-30","page","type-page","status-publish","has-post-thumbnail","hentry"],"featured_media_urls":{"thumbnail":["https:\/\/irmt.fr\/wp-content\/uploads\/2022\/07\/Laurent-Coulondre-portrait-\u00a9Jean-Baptiste-Millot-150x150.jpg",150,150,true],"medium":["https:\/\/irmt.fr\/wp-content\/uploads\/2022\/07\/Laurent-Coulondre-portrait-\u00a9Jean-Baptiste-Millot-300x200.jpg",300,200,true],"medium_large":["https:\/\/irmt.fr\/wp-content\/uploads\/2022\/07\/Laurent-Coulondre-portrait-\u00a9Jean-Baptiste-Millot-768x511.jpg",768,511,true],"large":["https:\/\/irmt.fr\/wp-content\/uploads\/2022\/07\/Laurent-Coulondre-portrait-\u00a9Jean-Baptiste-Millot.jpg",950,632,false],"1536x1536":["https:\/\/irmt.fr\/wp-content\/uploads\/2022\/07\/Laurent-Coulondre-portrait-\u00a9Jean-Baptiste-Millot.jpg",1020,679,false],"2048x2048":["https:\/\/irmt.fr\/wp-content\/uploads\/2022\/07\/Laurent-Coulondre-portrait-\u00a9Jean-Baptiste-Millot.jpg",1020,679,false],"inspiro-featured-image":["https:\/\/irmt.fr\/wp-content\/uploads\/2022\/07\/Laurent-Coulondre-portrait-\u00a9Jean-Baptiste-Millot.jpg",1020,679,false],"inspiro-loop":["https:\/\/irmt.fr\/wp-content\/uploads\/2022\/07\/Laurent-Coulondre-portrait-\u00a9Jean-Baptiste-Millot-950x320.jpg",950,320,true],"inspiro-loop@2x":["https:\/\/irmt.fr\/wp-content\/uploads\/2022\/07\/Laurent-Coulondre-portrait-\u00a9Jean-Baptiste-Millot-1020x640.jpg",1020,640,true],"portfolio_item-thumbnail":["https:\/\/irmt.fr\/wp-content\/uploads\/2022\/07\/Laurent-Coulondre-portrait-\u00a9Jean-Baptiste-Millot.jpg",600,400,false],"portfolio_item-masonry":["https:\/\/irmt.fr\/wp-content\/uploads\/2022\/07\/Laurent-Coulondre-portrait-\u00a9Jean-Baptiste-Millot.jpg",600,399,false],"portfolio_item-thumbnail_cinema":["https:\/\/irmt.fr\/wp-content\/uploads\/2022\/07\/Laurent-Coulondre-portrait-\u00a9Jean-Baptiste-Millot.jpg",503,335,false],"portfolio_item-thumbnail_portrait":["https:\/\/irmt.fr\/wp-content\/uploads\/2022\/07\/Laurent-Coulondre-portrait-\u00a9Jean-Baptiste-Millot.jpg",600,399,false],"portfolio_item-thumbnail_square":["https:\/\/irmt.fr\/wp-content\/uploads\/2022\/07\/Laurent-Coulondre-portrait-\u00a9Jean-Baptiste-Millot.jpg",800,533,false]},"_links":{"self":[{"href":"https:\/\/irmt.fr\/index.php\/wp-json\/wp\/v2\/pages\/30","targetHints":{"allow":["GET"]}}],"collection":[{"href":"https:\/\/irmt.fr\/index.php\/wp-json\/wp\/v2\/pages"}],"about":[{"href":"https:\/\/irmt.fr\/index.php\/wp-json\/wp\/v2\/types\/page"}],"author":[{"embeddable":true,"href":"https:\/\/irmt.fr\/index.php\/wp-json\/wp\/v2\/users\/1"}],"replies":[{"embeddable":true,"href":"https:\/\/irmt.fr\/index.php\/wp-json\/wp\/v2\/comments?post=30"}],"version-history":[{"count":6,"href":"https:\/\/irmt.fr\/index.php\/wp-json\/wp\/v2\/pages\/30\/revisions"}],"predecessor-version":[{"id":331,"href":"https:\/\/irmt.fr\/index.php\/wp-json\/wp\/v2\/pages\/30\/revisions\/331"}],"wp:featuredmedia":[{"embeddable":true,"href":"https:\/\/irmt.fr\/index.php\/wp-json\/wp\/v2\/media\/81"}],"wp:attachment":[{"href":"https:\/\/irmt.fr\/index.php\/wp-json\/wp\/v2\/media?parent=30"}],"curies":[{"name":"wp","href":"https:\/\/api.w.org\/{rel}","templated":true}]}}