{"id":176,"date":"2023-02-14T17:03:38","date_gmt":"2023-02-14T16:03:38","guid":{"rendered":"https:\/\/irmt.fr\/?page_id=176"},"modified":"2023-03-02T10:23:18","modified_gmt":"2023-03-02T09:23:18","slug":"ressource-2","status":"publish","type":"page","link":"https:\/\/irmt.fr\/index.php\/ressource-2\/","title":{"rendered":"Ressources"},"content":{"rendered":"\n<p>Le RITM s&rsquo;est donn\u00e9 pour mission d\u2019\u00eatre un centre de ressource sur le territoire breton et au-del\u00e0.                       Ainsi, l&rsquo;institut participe \u00e0 la mise en r\u00e9seau des acteurs des musiques jazz \u2013 dites transatlantiques et souhaite cr\u00e9er des ponts entre les professionnels, les amateurs et les structures int\u00e9ress\u00e9es par ces cultures musicales hybrides.<\/p>\n\n\n\n<p>Vous \u00eates un acteur du jazz et vous souhaitez appara\u00eetre sur notre annuaire num\u00e9rique&nbsp;? Contactez-nous&nbsp;par mail&nbsp;: <a href=\"mailto:contact@irmt.fr\">contact@irmt.fr<\/a><\/p>\n","protected":false},"excerpt":{"rendered":"<p>Le RITM s&rsquo;est donn\u00e9 pour mission d\u2019\u00eatre un centre de ressource sur le territoire breton et au-del\u00e0. Ainsi, l&rsquo;institut participe \u00e0 la mise en r\u00e9seau des acteurs des musiques jazz \u2013 dites transatlantiques et souhaite cr\u00e9er des ponts entre les professionnels, les amateurs et les structures int\u00e9ress\u00e9es par ces cultures musicales hybrides. Vous \u00eates un &hellip; <\/p>\n<p class=\"link-more\"><a href=\"https:\/\/irmt.fr\/index.php\/ressource-2\/\" class=\"more-link\">Lire la suite de<span class=\"screen-reader-text\">\u00ab\u00a0Ressources\u00a0\u00bb<\/span><\/a><\/p>\n","protected":false},"author":1,"featured_media":0,"parent":0,"menu_order":0,"comment_status":"closed","ping_status":"closed","template":"","meta":{"footnotes":""},"class_list":["post-176","page","type-page","status-publish","hentry"],"featured_media_urls":[],"_links":{"self":[{"href":"https:\/\/irmt.fr\/index.php\/wp-json\/wp\/v2\/pages\/176","targetHints":{"allow":["GET"]}}],"collection":[{"href":"https:\/\/irmt.fr\/index.php\/wp-json\/wp\/v2\/pages"}],"about":[{"href":"https:\/\/irmt.fr\/index.php\/wp-json\/wp\/v2\/types\/page"}],"author":[{"embeddable":true,"href":"https:\/\/irmt.fr\/index.php\/wp-json\/wp\/v2\/users\/1"}],"replies":[{"embeddable":true,"href":"https:\/\/irmt.fr\/index.php\/wp-json\/wp\/v2\/comments?post=176"}],"version-history":[{"count":3,"href":"https:\/\/irmt.fr\/index.php\/wp-json\/wp\/v2\/pages\/176\/revisions"}],"predecessor-version":[{"id":187,"href":"https:\/\/irmt.fr\/index.php\/wp-json\/wp\/v2\/pages\/176\/revisions\/187"}],"wp:attachment":[{"href":"https:\/\/irmt.fr\/index.php\/wp-json\/wp\/v2\/media?parent=176"}],"curies":[{"name":"wp","href":"https:\/\/api.w.org\/{rel}","templated":true}]}}